{"id":127,"date":"2021-09-17T16:52:54","date_gmt":"2021-09-17T19:52:54","guid":{"rendered":"https:\/\/protelim.com.br\/?post_type=product&#038;p=127"},"modified":"2024-06-10T19:47:40","modified_gmt":"2024-06-10T22:47:40","slug":"multilimpiador-prot-mult-150","status":"publish","type":"product","link":"https:\/\/protelim.com.br\/es\/producto\/multilimpiador-prot-mult-150\/","title":{"rendered":"LIMPIADOR M\u00daLTIPLE PROT MULT 150"},"content":{"rendered":"<p><span style=\"font-weight: 400;\">PROT MULTI 150 es un producto de uso profesional, especialmente desarrollado para la limpieza de ruedas, toldos, suelos, motores, carrocer\u00edas, etc.<\/span><\/p>\n<p>ENVASES: <span style=\"font-weight: 400;\">5L, 20L y 50L<\/span><\/p>\n<p>PRESTACIONES:<\/p>\n<p><span style=\"font-weight: 400;\">Limpiador general de veh\u00edculos<\/span><\/p>\n<p><span style=\"font-weight: 400;\">Elimina r\u00e1pidamente la grasa y el aceite<\/span><\/p>\n","protected":false},"excerpt":{"rendered":"<p>PROT MULTI 150 es un producto de uso profesional, especialmente desarrollado para la limpieza de ruedas, toldos, suelos, motores, carrocer\u00edas, etc. ENVASES: 5L, 20L y 50L PRESTACIONES: Limpiador general de veh\u00edculos Elimina r\u00e1pidamente la grasa y el aceite<\/p>\n","protected":false},"featured_media":128,"template":"","meta":{"_acf_changed":false},"product_brand":[],"product_cat":[233,244,255,278,235,256,242,286,281],"product_tag":[],"class_list":{"0":"post-127","1":"product","2":"type-product","3":"status-publish","4":"has-post-thumbnail","6":"product_cat-segmento-automotriz","7":"product_cat-desengrasantes-alcalinos","8":"product_cat-motor","9":"product_cat-limpiadores","10":"product_cat-linea-desincrustante","11":"product_cat-chassis","12":"product_cat-categorias","13":"product_cat-multiuso","14":"product_cat-desengrasantes-alcalinos-otros-productos","16":"first","17":"instock","18":"shipping-taxable","19":"product-type-simple"},"acf":[],"_links":{"self":[{"href":"https:\/\/protelim.com.br\/es\/wp-json\/wp\/v2\/product\/127","targetHints":{"allow":["GET"]}}],"collection":[{"href":"https:\/\/protelim.com.br\/es\/wp-json\/wp\/v2\/product"}],"about":[{"href":"https:\/\/protelim.com.br\/es\/wp-json\/wp\/v2\/types\/product"}],"version-history":[{"count":3,"href":"https:\/\/protelim.com.br\/es\/wp-json\/wp\/v2\/product\/127\/revisions"}],"predecessor-version":[{"id":9199,"href":"https:\/\/protelim.com.br\/es\/wp-json\/wp\/v2\/product\/127\/revisions\/9199"}],"wp:featuredmedia":[{"embeddable":true,"href":"https:\/\/protelim.com.br\/es\/wp-json\/wp\/v2\/media\/128"}],"wp:attachment":[{"href":"https:\/\/protelim.com.br\/es\/wp-json\/wp\/v2\/media?parent=127"}],"wp:term":[{"taxonomy":"product_brand","embeddable":true,"href":"https:\/\/protelim.com.br\/es\/wp-json\/wp\/v2\/product_brand?post=127"},{"taxonomy":"product_cat","embeddable":true,"href":"https:\/\/protelim.com.br\/es\/wp-json\/wp\/v2\/product_cat?post=127"},{"taxonomy":"product_tag","embeddable":true,"href":"https:\/\/protelim.com.br\/es\/wp-json\/wp\/v2\/product_tag?post=127"}],"curies":[{"name":"wp","href":"https:\/\/api.w.org\/{rel}","templated":true}]}}