{"id":125,"date":"2021-09-17T16:51:54","date_gmt":"2021-09-17T19:51:54","guid":{"rendered":"https:\/\/protelim.com.br\/?post_type=product&#038;p=125"},"modified":"2024-06-10T19:48:26","modified_gmt":"2024-06-10T22:48:26","slug":"multilimpiador-prot-mult-100","status":"publish","type":"product","link":"https:\/\/protelim.com.br\/es\/producto\/multilimpiador-prot-mult-100\/","title":{"rendered":"LIMPIADOR M\u00daLTIPLE PROT MULT 100"},"content":{"rendered":"<p>PROT MULT 100 contiene un tensioactivo biodegradable y ha sido desarrollado para su uso como desengrasante alcalino con excelente poder detergente y humectante debido a su alta concentraci\u00f3n. Puede proporcionar altas diluciones y, en consecuencia, un alto rendimiento.<\/p>\n<p>Est\u00e1 dise\u00f1ado para eliminar grasa, aceite y suciedad de equipos, paredes, suelos y superficies en general dentro de las industrias. Tambi\u00e9n es adecuado para eliminar la suciedad a base de aceite y grasa de coches, autobuses, camiones, barcos, aviones, piezas y maquinaria, proporcionando un alto poder de limpieza.<\/p>\n<p>ENVASES: <span style=\"font-weight: 400;\">5L, 20L y 50L<\/span><\/p>\n<p>PRESTACIONES:<\/p>\n<p><span style=\"font-weight: 400;\">Ideal para una limpieza r\u00e1pida<\/span><\/p>\n<p><span style=\"font-weight: 400;\">Alto poder de limpieza<\/span><\/p>\n","protected":false},"excerpt":{"rendered":"<p>PROT MULT 100 contiene un tensioactivo biodegradable y ha sido desarrollado para su uso como desengrasante alcalino con excelente poder detergente y humectante debido a su alta concentraci\u00f3n. Puede proporcionar altas diluciones y, en consecuencia, un alto rendimiento. Est\u00e1 dise\u00f1ado para eliminar grasa, aceite y suciedad de equipos, paredes, suelos y superficies en general dentro [&hellip;]<\/p>\n","protected":false},"featured_media":126,"template":"","meta":{"_acf_changed":false},"product_brand":[],"product_cat":[233,244,278,235,242,286,281],"product_tag":[],"class_list":{"0":"post-125","1":"product","2":"type-product","3":"status-publish","4":"has-post-thumbnail","6":"product_cat-segmento-automotriz","7":"product_cat-desengrasantes-alcalinos","8":"product_cat-limpiadores","9":"product_cat-linea-desincrustante","10":"product_cat-categorias","11":"product_cat-multiuso","12":"product_cat-desengrasantes-alcalinos-otros-productos","14":"first","15":"instock","16":"shipping-taxable","17":"product-type-simple"},"acf":[],"_links":{"self":[{"href":"https:\/\/protelim.com.br\/es\/wp-json\/wp\/v2\/product\/125","targetHints":{"allow":["GET"]}}],"collection":[{"href":"https:\/\/protelim.com.br\/es\/wp-json\/wp\/v2\/product"}],"about":[{"href":"https:\/\/protelim.com.br\/es\/wp-json\/wp\/v2\/types\/product"}],"version-history":[{"count":3,"href":"https:\/\/protelim.com.br\/es\/wp-json\/wp\/v2\/product\/125\/revisions"}],"predecessor-version":[{"id":9196,"href":"https:\/\/protelim.com.br\/es\/wp-json\/wp\/v2\/product\/125\/revisions\/9196"}],"wp:featuredmedia":[{"embeddable":true,"href":"https:\/\/protelim.com.br\/es\/wp-json\/wp\/v2\/media\/126"}],"wp:attachment":[{"href":"https:\/\/protelim.com.br\/es\/wp-json\/wp\/v2\/media?parent=125"}],"wp:term":[{"taxonomy":"product_brand","embeddable":true,"href":"https:\/\/protelim.com.br\/es\/wp-json\/wp\/v2\/product_brand?post=125"},{"taxonomy":"product_cat","embeddable":true,"href":"https:\/\/protelim.com.br\/es\/wp-json\/wp\/v2\/product_cat?post=125"},{"taxonomy":"product_tag","embeddable":true,"href":"https:\/\/protelim.com.br\/es\/wp-json\/wp\/v2\/product_tag?post=125"}],"curies":[{"name":"wp","href":"https:\/\/api.w.org\/{rel}","templated":true}]}}