{"id":123,"date":"2021-09-17T16:49:16","date_gmt":"2021-09-17T19:49:16","guid":{"rendered":"https:\/\/protelim.com.br\/?post_type=product&#038;p=123"},"modified":"2024-06-10T19:48:33","modified_gmt":"2024-06-10T22:48:33","slug":"detergente-neutro-concentrado-prot-sh1000","status":"publish","type":"product","link":"https:\/\/protelim.com.br\/es\/producto\/detergente-neutro-concentrado-prot-sh1000\/","title":{"rendered":"PROT SH1000 DETERGENTE NEUTRO CONCENTRADO"},"content":{"rendered":"<p>PROT SH1000 es un t\u00fanel de lavado neutro superconcentrado con un alto contenido en espuma y un excelente poder de limpieza, adecuado para la limpieza de carrocer\u00edas de veh\u00edculos en general.<\/p>\n<p>ENVASES: 5L, 20L y 50L<\/p>\n<p>PRESTACIONES:<\/p>\n<p>Champ\u00fa neutro<\/p>\n<p>No elimina esmaltes<\/p>\n<p>Eficaz para el champ\u00fa en general<\/p>\n","protected":false},"excerpt":{"rendered":"<p>PROT SH1000 es un t\u00fanel de lavado neutro superconcentrado con un alto contenido en espuma y un excelente poder de limpieza, adecuado para la limpieza de carrocer\u00edas de veh\u00edculos en general. ENVASES: 5L, 20L y 50L PRESTACIONES: Champ\u00fa neutro No elimina esmaltes Eficaz para el champ\u00fa en general<\/p>\n","protected":false},"featured_media":124,"template":"","meta":{"_acf_changed":false},"product_brand":[],"product_cat":[233,238,254,283,242,258],"product_tag":[309],"class_list":{"0":"post-123","1":"product","2":"type-product","3":"status-publish","4":"has-post-thumbnail","6":"product_cat-segmento-automotriz","7":"product_cat-lavado-profesional","8":"product_cat-carroceria-lataria","9":"product_cat-detergentes-neutros","10":"product_cat-categorias","11":"product_cat-capota-maritima","12":"product_tag-lava-autos","14":"first","15":"instock","16":"shipping-taxable","17":"product-type-simple"},"acf":[],"_links":{"self":[{"href":"https:\/\/protelim.com.br\/es\/wp-json\/wp\/v2\/product\/123","targetHints":{"allow":["GET"]}}],"collection":[{"href":"https:\/\/protelim.com.br\/es\/wp-json\/wp\/v2\/product"}],"about":[{"href":"https:\/\/protelim.com.br\/es\/wp-json\/wp\/v2\/types\/product"}],"version-history":[{"count":3,"href":"https:\/\/protelim.com.br\/es\/wp-json\/wp\/v2\/product\/123\/revisions"}],"predecessor-version":[{"id":9236,"href":"https:\/\/protelim.com.br\/es\/wp-json\/wp\/v2\/product\/123\/revisions\/9236"}],"wp:featuredmedia":[{"embeddable":true,"href":"https:\/\/protelim.com.br\/es\/wp-json\/wp\/v2\/media\/124"}],"wp:attachment":[{"href":"https:\/\/protelim.com.br\/es\/wp-json\/wp\/v2\/media?parent=123"}],"wp:term":[{"taxonomy":"product_brand","embeddable":true,"href":"https:\/\/protelim.com.br\/es\/wp-json\/wp\/v2\/product_brand?post=123"},{"taxonomy":"product_cat","embeddable":true,"href":"https:\/\/protelim.com.br\/es\/wp-json\/wp\/v2\/product_cat?post=123"},{"taxonomy":"product_tag","embeddable":true,"href":"https:\/\/protelim.com.br\/es\/wp-json\/wp\/v2\/product_tag?post=123"}],"curies":[{"name":"wp","href":"https:\/\/api.w.org\/{rel}","templated":true}]}}