{"id":121,"date":"2021-09-17T16:48:12","date_gmt":"2021-09-17T19:48:12","guid":{"rendered":"https:\/\/protelim.com.br\/?post_type=product&#038;p=121"},"modified":"2024-06-10T19:48:40","modified_gmt":"2024-06-10T22:48:40","slug":"detergente-neutro-concentrado-prot-sh800","status":"publish","type":"product","link":"https:\/\/protelim.com.br\/es\/producto\/detergente-neutro-concentrado-prot-sh800\/","title":{"rendered":"PROT SH800 DETERGENTE NEUTRO CONCENTRADO"},"content":{"rendered":"<p>PROT SH800 es un detergente concentrado para automoci\u00f3n que combina tensioactivos con otros ingredientes cuidadosamente equilibrados, dando como resultado una eficaz eliminaci\u00f3n de la suciedad m\u00e1s diversa como: aceites, grasas de origen mineral o animal, barro, holl\u00edn de asfalto, etc.<\/p>\n<p>Es adecuado para la limpieza y eliminaci\u00f3n de suciedad en zonas como: superficies pintadas de coches, autobuses, camiones, barcos y aviones, chasis, motores, carrocer\u00edas, explanadas de garajes, gasolineras, garajes, patios de maniobras, naves de lavado autom\u00e1tico o no autom\u00e1tico en t\u00faneles de lavado, empresas de transporte en general, concesionarios de autom\u00f3viles, etc.<\/p>\n<p>Proporciona un alto brillo tras el proceso de limpieza y es un producto con tensioactivos biodegradables.<\/p>\n<p>ENVASE: <span style=\"font-weight: 400;\">5 LITROS<\/span><\/p>\n<p>PRESTACIONES:<\/p>\n<p><span style=\"font-weight: 400;\">Champ\u00fa neutro<\/span><\/p>\n<p><span style=\"font-weight: 400;\">No elimina esmaltes<\/span><\/p>\n<p><span style=\"font-weight: 400;\">Eficaz para el champ\u00fa en general<\/span><\/p>\n","protected":false},"excerpt":{"rendered":"<p>PROT SH800 es un detergente concentrado para automoci\u00f3n que combina tensioactivos con otros ingredientes cuidadosamente equilibrados, dando como resultado una eficaz eliminaci\u00f3n de la suciedad m\u00e1s diversa como: aceites, grasas de origen mineral o animal, barro, holl\u00edn de asfalto, etc. Es adecuado para la limpieza y eliminaci\u00f3n de suciedad en zonas como: superficies pintadas de [&hellip;]<\/p>\n","protected":false},"featured_media":122,"template":"","meta":{"_acf_changed":false},"product_brand":[],"product_cat":[233,238,254,283,242,258],"product_tag":[309],"class_list":{"0":"post-121","1":"product","2":"type-product","3":"status-publish","4":"has-post-thumbnail","6":"product_cat-segmento-automotriz","7":"product_cat-lavado-profesional","8":"product_cat-carroceria-lataria","9":"product_cat-detergentes-neutros","10":"product_cat-categorias","11":"product_cat-capota-maritima","12":"product_tag-lava-autos","14":"first","15":"instock","16":"shipping-taxable","17":"product-type-simple"},"acf":[],"_links":{"self":[{"href":"https:\/\/protelim.com.br\/es\/wp-json\/wp\/v2\/product\/121","targetHints":{"allow":["GET"]}}],"collection":[{"href":"https:\/\/protelim.com.br\/es\/wp-json\/wp\/v2\/product"}],"about":[{"href":"https:\/\/protelim.com.br\/es\/wp-json\/wp\/v2\/types\/product"}],"version-history":[{"count":4,"href":"https:\/\/protelim.com.br\/es\/wp-json\/wp\/v2\/product\/121\/revisions"}],"predecessor-version":[{"id":9235,"href":"https:\/\/protelim.com.br\/es\/wp-json\/wp\/v2\/product\/121\/revisions\/9235"}],"wp:featuredmedia":[{"embeddable":true,"href":"https:\/\/protelim.com.br\/es\/wp-json\/wp\/v2\/media\/122"}],"wp:attachment":[{"href":"https:\/\/protelim.com.br\/es\/wp-json\/wp\/v2\/media?parent=121"}],"wp:term":[{"taxonomy":"product_brand","embeddable":true,"href":"https:\/\/protelim.com.br\/es\/wp-json\/wp\/v2\/product_brand?post=121"},{"taxonomy":"product_cat","embeddable":true,"href":"https:\/\/protelim.com.br\/es\/wp-json\/wp\/v2\/product_cat?post=121"},{"taxonomy":"product_tag","embeddable":true,"href":"https:\/\/protelim.com.br\/es\/wp-json\/wp\/v2\/product_tag?post=121"}],"curies":[{"name":"wp","href":"https:\/\/api.w.org\/{rel}","templated":true}]}}