{"id":119,"date":"2021-09-17T16:47:01","date_gmt":"2021-09-17T19:47:01","guid":{"rendered":"https:\/\/protelim.com.br\/?post_type=product&#038;p=119"},"modified":"2024-06-10T19:48:46","modified_gmt":"2024-06-10T22:48:46","slug":"detergente-neutro-concentrado-prot-sh400","status":"publish","type":"product","link":"https:\/\/protelim.com.br\/es\/producto\/detergente-neutro-concentrado-prot-sh400\/","title":{"rendered":"PROT SH400 DETERGENTE NEUTRO CONCENTRADO"},"content":{"rendered":"<p><span style=\"font-weight: 400;\">PROT SH400 es un detergente concentrado de alto rendimiento para automoci\u00f3n, adecuado para superficies pintadas, carrocer\u00edas de veh\u00edculos, embarcaciones, aeronaves, etc.<\/span><\/p>\n<p>ENVASES: <span style=\"font-weight: 400;\">5L, 20L y 50L<\/span><\/p>\n<p>PRESTACIONES:<\/p>\n<p><span style=\"font-weight: 400;\">Champ\u00fa neutro<\/span><\/p>\n<p><span style=\"font-weight: 400;\">Gran poder de limpieza<\/span><\/p>\n<p><span style=\"font-weight: 400;\">Excelente brillo<\/span><\/p>\n","protected":false},"excerpt":{"rendered":"<p>PROT SH400 es un detergente concentrado de alto rendimiento para automoci\u00f3n, adecuado para superficies pintadas, carrocer\u00edas de veh\u00edculos, embarcaciones, aeronaves, etc. ENVASES: 5L, 20L y 50L PRESTACIONES: Champ\u00fa neutro Gran poder de limpieza Excelente brillo<\/p>\n","protected":false},"featured_media":120,"template":"","meta":{"_acf_changed":false},"product_brand":[],"product_cat":[233,238,254,283,242,258],"product_tag":[309],"class_list":{"0":"post-119","1":"product","2":"type-product","3":"status-publish","4":"has-post-thumbnail","6":"product_cat-segmento-automotriz","7":"product_cat-lavado-profesional","8":"product_cat-carroceria-lataria","9":"product_cat-detergentes-neutros","10":"product_cat-categorias","11":"product_cat-capota-maritima","12":"product_tag-lava-autos","14":"first","15":"instock","16":"shipping-taxable","17":"product-type-simple"},"acf":[],"_links":{"self":[{"href":"https:\/\/protelim.com.br\/es\/wp-json\/wp\/v2\/product\/119","targetHints":{"allow":["GET"]}}],"collection":[{"href":"https:\/\/protelim.com.br\/es\/wp-json\/wp\/v2\/product"}],"about":[{"href":"https:\/\/protelim.com.br\/es\/wp-json\/wp\/v2\/types\/product"}],"version-history":[{"count":4,"href":"https:\/\/protelim.com.br\/es\/wp-json\/wp\/v2\/product\/119\/revisions"}],"predecessor-version":[{"id":9234,"href":"https:\/\/protelim.com.br\/es\/wp-json\/wp\/v2\/product\/119\/revisions\/9234"}],"wp:featuredmedia":[{"embeddable":true,"href":"https:\/\/protelim.com.br\/es\/wp-json\/wp\/v2\/media\/120"}],"wp:attachment":[{"href":"https:\/\/protelim.com.br\/es\/wp-json\/wp\/v2\/media?parent=119"}],"wp:term":[{"taxonomy":"product_brand","embeddable":true,"href":"https:\/\/protelim.com.br\/es\/wp-json\/wp\/v2\/product_brand?post=119"},{"taxonomy":"product_cat","embeddable":true,"href":"https:\/\/protelim.com.br\/es\/wp-json\/wp\/v2\/product_cat?post=119"},{"taxonomy":"product_tag","embeddable":true,"href":"https:\/\/protelim.com.br\/es\/wp-json\/wp\/v2\/product_tag?post=119"}],"curies":[{"name":"wp","href":"https:\/\/api.w.org\/{rel}","templated":true}]}}