{"id":117,"date":"2021-09-17T16:45:38","date_gmt":"2021-09-17T19:45:38","guid":{"rendered":"https:\/\/protelim.com.br\/?post_type=product&#038;p=117"},"modified":"2024-06-10T19:48:53","modified_gmt":"2024-06-10T22:48:53","slug":"desengrasante-alcalino-concentrado-prot-sol-dx-max","status":"publish","type":"product","link":"https:\/\/protelim.com.br\/es\/producto\/desengrasante-alcalino-concentrado-prot-sol-dx-max\/","title":{"rendered":"DESENGRASANTE ALCALINO CONCENTRADO PROT SOL DX MAX"},"content":{"rendered":"<p>PROT SOL DX MAX es un detergente desengrasante alcalino concentrado, que combina tensioactivos con \u00e1lcalis cuidadosamente seleccionados, dando como resultado una eficaz eliminaci\u00f3n de suciedades tales como: aceites, grasas de origen mineral o animal, barro, holl\u00edn de asfalto, etc.<\/p>\n<p>Recomendado para eliminar la suciedad a base de aceite y grasa de coches, autobuses, camiones, barcos, aviones, piezas y maquinaria, proporcionando un alto poder de limpieza.<\/p>\n<p>Tambi\u00e9n indicado para la limpieza y eliminaci\u00f3n de suciedad en zonas como: chasis, motores, carrocer\u00edas, patios de taller, gasolineras, garajes, patios de maniobras, naves de lavado autom\u00e1tico o no autom\u00e1tico, t\u00faneles de lavado, empresas de transporte en general, concesionarios de autom\u00f3viles, etc.<\/p>\n<p>ENVASES: <span style=\"font-weight: 400;\">2L y 5L<\/span><\/p>\n<p>PRESTACIONES:<\/p>\n<p><span style=\"font-weight: 400;\">Mega concentrado<\/span><\/p>\n<p><span style=\"font-weight: 400;\">F\u00e1cil diluci\u00f3n<\/span><\/p>\n","protected":false},"excerpt":{"rendered":"<p>PROT SOL DX MAX es un detergente desengrasante alcalino concentrado, que combina tensioactivos con \u00e1lcalis cuidadosamente seleccionados, dando como resultado una eficaz eliminaci\u00f3n de suciedades tales como: aceites, grasas de origen mineral o animal, barro, holl\u00edn de asfalto, etc. Recomendado para eliminar la suciedad a base de aceite y grasa de coches, autobuses, camiones, barcos, [&hellip;]<\/p>\n","protected":false},"featured_media":118,"template":"","meta":{"_acf_changed":false},"product_brand":[],"product_cat":[233,238,254,244,235,242,281],"product_tag":[],"class_list":{"0":"post-117","1":"product","2":"type-product","3":"status-publish","4":"has-post-thumbnail","6":"product_cat-segmento-automotriz","7":"product_cat-lavado-profesional","8":"product_cat-carroceria-lataria","9":"product_cat-desengrasantes-alcalinos","10":"product_cat-linea-desincrustante","11":"product_cat-categorias","12":"product_cat-desengrasantes-alcalinos-otros-productos","14":"first","15":"instock","16":"shipping-taxable","17":"product-type-simple"},"acf":[],"_links":{"self":[{"href":"https:\/\/protelim.com.br\/es\/wp-json\/wp\/v2\/product\/117","targetHints":{"allow":["GET"]}}],"collection":[{"href":"https:\/\/protelim.com.br\/es\/wp-json\/wp\/v2\/product"}],"about":[{"href":"https:\/\/protelim.com.br\/es\/wp-json\/wp\/v2\/types\/product"}],"version-history":[{"count":4,"href":"https:\/\/protelim.com.br\/es\/wp-json\/wp\/v2\/product\/117\/revisions"}],"predecessor-version":[{"id":9245,"href":"https:\/\/protelim.com.br\/es\/wp-json\/wp\/v2\/product\/117\/revisions\/9245"}],"wp:featuredmedia":[{"embeddable":true,"href":"https:\/\/protelim.com.br\/es\/wp-json\/wp\/v2\/media\/118"}],"wp:attachment":[{"href":"https:\/\/protelim.com.br\/es\/wp-json\/wp\/v2\/media?parent=117"}],"wp:term":[{"taxonomy":"product_brand","embeddable":true,"href":"https:\/\/protelim.com.br\/es\/wp-json\/wp\/v2\/product_brand?post=117"},{"taxonomy":"product_cat","embeddable":true,"href":"https:\/\/protelim.com.br\/es\/wp-json\/wp\/v2\/product_cat?post=117"},{"taxonomy":"product_tag","embeddable":true,"href":"https:\/\/protelim.com.br\/es\/wp-json\/wp\/v2\/product_tag?post=117"}],"curies":[{"name":"wp","href":"https:\/\/api.w.org\/{rel}","templated":true}]}}