{"id":109,"date":"2021-09-17T16:33:33","date_gmt":"2021-09-17T19:33:33","guid":{"rendered":"https:\/\/protelim.com.br\/?post_type=product&#038;p=109"},"modified":"2024-06-10T19:49:12","modified_gmt":"2024-06-10T22:49:12","slug":"desengrasante-concentrado-prot-sol-100","status":"publish","type":"product","link":"https:\/\/protelim.com.br\/es\/producto\/desengrasante-concentrado-prot-sol-100\/","title":{"rendered":"DESENGRASANTE CONCENTRADO PROT SOL 100"},"content":{"rendered":"<p><span style=\"font-weight: 400;\">PROT SOL 100 es un detergente desengrasante alcalino concentrado, que combina tensioactivos con \u00e1lcalis cuidadosamente seleccionados, dando como resultado una eficaz eliminaci\u00f3n de suciedad como: aceites, grasas de origen mineral o animal, barro, holl\u00edn de asfalto, etc.<\/span><\/p>\n<p>ENVASES: <span style=\"font-weight: 400;\">5L, 20L y 50L<\/span><\/p>\n<p>PRESTACIONES:<\/p>\n<p><span style=\"font-weight: 400;\">Desengrasante r\u00e1pido y eficaz<\/span><\/p>\n","protected":false},"excerpt":{"rendered":"<p>PROT SOL 100 es un detergente desengrasante alcalino concentrado, que combina tensioactivos con \u00e1lcalis cuidadosamente seleccionados, dando como resultado una eficaz eliminaci\u00f3n de suciedad como: aceites, grasas de origen mineral o animal, barro, holl\u00edn de asfalto, etc. ENVASES: 5L, 20L y 50L PRESTACIONES: Desengrasante r\u00e1pido y eficaz<\/p>\n","protected":false},"featured_media":110,"template":"","meta":{"_acf_changed":false},"product_brand":[],"product_cat":[233,238,254,244,235,242,281],"product_tag":[],"class_list":{"0":"post-109","1":"product","2":"type-product","3":"status-publish","4":"has-post-thumbnail","6":"product_cat-segmento-automotriz","7":"product_cat-lavado-profesional","8":"product_cat-carroceria-lataria","9":"product_cat-desengrasantes-alcalinos","10":"product_cat-linea-desincrustante","11":"product_cat-categorias","12":"product_cat-desengrasantes-alcalinos-otros-productos","14":"first","15":"instock","16":"shipping-taxable","17":"product-type-simple"},"acf":[],"_links":{"self":[{"href":"https:\/\/protelim.com.br\/es\/wp-json\/wp\/v2\/product\/109","targetHints":{"allow":["GET"]}}],"collection":[{"href":"https:\/\/protelim.com.br\/es\/wp-json\/wp\/v2\/product"}],"about":[{"href":"https:\/\/protelim.com.br\/es\/wp-json\/wp\/v2\/types\/product"}],"version-history":[{"count":4,"href":"https:\/\/protelim.com.br\/es\/wp-json\/wp\/v2\/product\/109\/revisions"}],"predecessor-version":[{"id":9240,"href":"https:\/\/protelim.com.br\/es\/wp-json\/wp\/v2\/product\/109\/revisions\/9240"}],"wp:featuredmedia":[{"embeddable":true,"href":"https:\/\/protelim.com.br\/es\/wp-json\/wp\/v2\/media\/110"}],"wp:attachment":[{"href":"https:\/\/protelim.com.br\/es\/wp-json\/wp\/v2\/media?parent=109"}],"wp:term":[{"taxonomy":"product_brand","embeddable":true,"href":"https:\/\/protelim.com.br\/es\/wp-json\/wp\/v2\/product_brand?post=109"},{"taxonomy":"product_cat","embeddable":true,"href":"https:\/\/protelim.com.br\/es\/wp-json\/wp\/v2\/product_cat?post=109"},{"taxonomy":"product_tag","embeddable":true,"href":"https:\/\/protelim.com.br\/es\/wp-json\/wp\/v2\/product_tag?post=109"}],"curies":[{"name":"wp","href":"https:\/\/api.w.org\/{rel}","templated":true}]}}